{"id":3989,"date":"2025-09-07T10:30:42","date_gmt":"2025-09-07T10:30:42","guid":{"rendered":"https:\/\/casavirupa.com\/?post_type=product&#038;p=3989"},"modified":"2026-02-17T12:03:02","modified_gmt":"2026-02-17T12:03:02","slug":"portes-obertes-i-introduccio-a-la-meditacio-amb-lama-norbu-copia","status":"publish","type":"product","link":"https:\/\/casavirupa.com\/ca\/curs\/portes-obertes-i-introduccio-a-la-meditacio-amb-lama-norbu-copia\/","title":{"rendered":"Mat\u00ed de portes obertes"},"content":{"rendered":"<p>Coneix el projecte i introdueix-te en la meditaci\u00f3 amb una xerrada gratu\u00efta.<\/p>\n","protected":false},"excerpt":{"rendered":"<p>Coneix el projecte i introdueix-te en la meditaci\u00f3 amb una xerrada gratu\u00efta.<\/p>\n","protected":false},"featured_media":6476,"template":"","meta":{"_acf_changed":false,"_bbp_topic_count":0,"_bbp_reply_count":0,"_bbp_total_topic_count":0,"_bbp_total_reply_count":0,"_bbp_voice_count":0,"_bbp_anonymous_reply_count":0,"_bbp_topic_count_hidden":0,"_bbp_reply_count_hidden":0,"_bbp_forum_subforum_count":0},"product_brand":[],"product_cat":[163],"product_tag":[],"class_list":{"0":"post-3989","1":"product","2":"type-product","3":"status-publish","4":"has-post-thumbnail","6":"product_cat-activitats","8":"first","9":"instock","10":"virtual","11":"sold-individually","12":"purchasable","13":"product-type-course"},"acf":[],"aioseo_notices":[],"_links":{"self":[{"href":"https:\/\/casavirupa.com\/ca\/wp-json\/wp\/v2\/product\/3989","targetHints":{"allow":["GET"]}}],"collection":[{"href":"https:\/\/casavirupa.com\/ca\/wp-json\/wp\/v2\/product"}],"about":[{"href":"https:\/\/casavirupa.com\/ca\/wp-json\/wp\/v2\/types\/product"}],"wp:featuredmedia":[{"embeddable":true,"href":"https:\/\/casavirupa.com\/ca\/wp-json\/wp\/v2\/media\/6476"}],"wp:attachment":[{"href":"https:\/\/casavirupa.com\/ca\/wp-json\/wp\/v2\/media?parent=3989"}],"wp:term":[{"taxonomy":"product_brand","embeddable":true,"href":"https:\/\/casavirupa.com\/ca\/wp-json\/wp\/v2\/product_brand?post=3989"},{"taxonomy":"product_cat","embeddable":true,"href":"https:\/\/casavirupa.com\/ca\/wp-json\/wp\/v2\/product_cat?post=3989"},{"taxonomy":"product_tag","embeddable":true,"href":"https:\/\/casavirupa.com\/ca\/wp-json\/wp\/v2\/product_tag?post=3989"}],"curies":[{"name":"wp","href":"https:\/\/api.w.org\/{rel}","templated":true}]}}